{"id":84,"date":"2016-04-19T05:29:11","date_gmt":"2016-04-19T05:29:11","guid":{"rendered":"https:\/\/splash.stylemixthemes.com\/demo\/?page_id=84"},"modified":"2024-04-19T15:54:39","modified_gmt":"2024-04-19T07:54:39","slug":"home-page-2-2","status":"publish","type":"page","link":"https:\/\/sultanjohorcup.com\/preview\/","title":{"rendered":"Home page"},"content":{"rendered":"<p>[vc_row][vc_column]\n\t\t\t<!-- START Home Slider REVOLUTION SLIDER 6.4.11 --><p class=\"rs-p-wp-fix\"><\/p>\n\t\t\t<rs-module-wrap id=\"rev_slider_1_1_wrapper\" data-source=\"gallery\" style=\"background:#151515;padding:0;margin:0px auto;margin-top:0;margin-bottom:0;\">\n\t\t\t\t<rs-module id=\"rev_slider_1_1\" style=\"\" data-version=\"6.4.11\">\n\t\t\t\t\t<rs-slides>\n\t\t\t\t\t\t<rs-slide data-key=\"rs-5\" data-title=\"NBA Highlights\" data-anim=\"ms:600;\" data-in=\"o:0;\" data-out=\"a:false;\">\n\t\t\t\t\t\t\t<img decoding=\"async\" src=\"\/\/sultanjohorcup.com\/preview\/wp-content\/uploads\/2022\/10\/rtm-banner.jpeg\" class=\"rev-slidebg tp-rs-img\" data-bg=\"f:contain;\" data-parallax=\"off\" data-no-retina>\n<!---->\t\t\t\t\t\t<\/rs-slide>\n\t\t\t\t\t\t<rs-slide data-key=\"rs-4\" data-title=\"NBA Highlights\" data-anim=\"ms:600;\" data-in=\"o:0;\" data-out=\"a:false;\">\n\t\t\t\t\t\t\t<img loading=\"lazy\" decoding=\"async\" src=\"\/\/sultanjohorcup.com\/preview\/wp-content\/uploads\/2022\/09\/banner-3.jpg\" title=\"banner-3\" width=\"1920\" height=\"1080\" class=\"rev-slidebg tp-rs-img\" data-parallax=\"off\" data-no-retina>\n<!--\n\t\t\t\t\t\t\t--><rs-layer\n\t\t\t\t\t\t\t\tid=\"slider-1-slide-4-layer-6\" \n\t\t\t\t\t\t\t\tdata-type=\"text\"\n\t\t\t\t\t\t\t\tdata-color=\"#ffffff||#ffffff||#ffffff||rgba(255, 255, 255, 1)\"\n\t\t\t\t\t\t\t\tdata-rsp_ch=\"on\"\n\t\t\t\t\t\t\t\tdata-xy=\"x:c;xo:3px,3px,3px,0;y:m;yo:56px,56px,56px,136px;\"\n\t\t\t\t\t\t\t\tdata-text=\"s:16,16,16,20;l:22,22,22,22;fw:700,700,700,400;\"\n\t\t\t\t\t\t\t\tdata-frame_0=\"y:50px;\"\n\t\t\t\t\t\t\t\tdata-frame_1=\"e:power2.inOut;sR:10;\"\n\t\t\t\t\t\t\t\tdata-frame_999=\"y:50px;o:0;e:nothing;st:w;sR:8690;\"\n\t\t\t\t\t\t\t\tstyle=\"z-index:5;background-color:rgba(255,255,255,0);font-family:Poppins;text-transform:uppercase;\"\n\t\t\t\t\t\t\t><a href=\"https:\/\/sultanjohorcup.com\/preview\/2022\/10\/16\/fixture-list\/\" class=\"btn parallelogram\">Click here<\/a> \n\t\t\t\t\t\t\t<\/rs-layer><!--\n\n\t\t\t\t\t\t\t--><rs-layer\n\t\t\t\t\t\t\t\tid=\"slider-1-slide-4-layer-8\" \n\t\t\t\t\t\t\t\tdata-type=\"text\"\n\t\t\t\t\t\t\t\tdata-rsp_ch=\"on\"\n\t\t\t\t\t\t\t\tdata-xy=\"x:c;y:m;yo:-97px,-97px,-97px,-98px;\"\n\t\t\t\t\t\t\t\tdata-text=\"w:normal;s:40;l:40;fw:700;a:center;\"\n\t\t\t\t\t\t\t\tdata-frame_1=\"st:240;sR:240;\"\n\t\t\t\t\t\t\t\tdata-frame_999=\"o:0;st:w;sR:8460;\"\n\t\t\t\t\t\t\t\tstyle=\"z-index:6;font-family:Poppins;text-transform:uppercase;\"\n\t\t\t\t\t\t\t>sultan johor cup 2022 \n\t\t\t\t\t\t\t<\/rs-layer><!--\n\n\t\t\t\t\t\t\t--><rs-layer\n\t\t\t\t\t\t\t\tid=\"slider-1-slide-4-layer-9\" \n\t\t\t\t\t\t\t\tdata-type=\"text\"\n\t\t\t\t\t\t\t\tdata-rsp_ch=\"on\"\n\t\t\t\t\t\t\t\tdata-xy=\"x:c;xo:0,0,0,1px;y:m;yo:-19px,-19px,-19px,-11px;\"\n\t\t\t\t\t\t\t\tdata-text=\"w:normal;s:16;l:24;a:center;\"\n\t\t\t\t\t\t\t\tdata-dim=\"w:644px,644px,644px,342px;h:76px,76px,76px,auto;\"\n\t\t\t\t\t\t\t\tdata-frame_1=\"st:440;sR:440;\"\n\t\t\t\t\t\t\t\tdata-frame_999=\"o:0;st:w;sR:8260;\"\n\t\t\t\t\t\t\t\tstyle=\"z-index:7;font-family:Poppins;\"\n\t\t\t\t\t\t\t> \nWatch our fixture list, live updates and result of every matches! \n\t\t\t\t\t\t\t<\/rs-layer><!--\n-->\t\t\t\t\t\t<\/rs-slide>\n\t\t\t\t\t\t<rs-slide data-key=\"rs-3\" data-title=\"NBA Highlights\" data-anim=\"ms:600;\" data-in=\"o:0;\" data-out=\"a:false;\">\n\t\t\t\t\t\t\t<img loading=\"lazy\" decoding=\"async\" src=\"\/\/sultanjohorcup.com\/preview\/wp-content\/uploads\/2022\/09\/banner-2.jpg\" title=\"banner-2\" width=\"1920\" height=\"1080\" class=\"rev-slidebg tp-rs-img\" data-parallax=\"off\" data-no-retina>\n<!--\n\t\t\t\t\t\t\t--><rs-layer\n\t\t\t\t\t\t\t\tid=\"slider-1-slide-3-layer-6\" \n\t\t\t\t\t\t\t\tdata-type=\"text\"\n\t\t\t\t\t\t\t\tdata-color=\"#ffffff||#ffffff||#ffffff||rgba(255, 255, 255, 1)\"\n\t\t\t\t\t\t\t\tdata-rsp_ch=\"on\"\n\t\t\t\t\t\t\t\tdata-xy=\"x:c;xo:3px,3px,3px,0;y:m;yo:56px,56px,56px,136px;\"\n\t\t\t\t\t\t\t\tdata-text=\"s:16,16,16,20;l:22,22,22,22;fw:700,700,700,400;\"\n\t\t\t\t\t\t\t\tdata-frame_0=\"y:50px;\"\n\t\t\t\t\t\t\t\tdata-frame_1=\"e:power2.inOut;sR:10;\"\n\t\t\t\t\t\t\t\tdata-frame_999=\"y:50px;o:0;e:nothing;st:w;sR:8690;\"\n\t\t\t\t\t\t\t\tstyle=\"z-index:8;background-color:rgba(255,255,255,0);font-family:Poppins;text-transform:uppercase;\"\n\t\t\t\t\t\t\t><a target=\"_blank\" href=\"https:\/\/youtu.be\/fJr6cXzQKls\" class=\"btn parallelogram\">Watch video<\/a> \n\t\t\t\t\t\t\t<\/rs-layer><!--\n\n\t\t\t\t\t\t\t--><rs-layer\n\t\t\t\t\t\t\t\tid=\"slider-1-slide-3-layer-8\" \n\t\t\t\t\t\t\t\tdata-type=\"text\"\n\t\t\t\t\t\t\t\tdata-rsp_ch=\"on\"\n\t\t\t\t\t\t\t\tdata-xy=\"x:c;y:m;yo:-97px,-97px,-97px,-98px;\"\n\t\t\t\t\t\t\t\tdata-text=\"w:normal;s:40;l:40;fw:700;a:center;\"\n\t\t\t\t\t\t\t\tdata-frame_1=\"st:240;sR:240;\"\n\t\t\t\t\t\t\t\tdata-frame_999=\"o:0;st:w;sR:8460;\"\n\t\t\t\t\t\t\t\tstyle=\"z-index:9;font-family:Poppins;text-transform:uppercase;\"\n\t\t\t\t\t\t\t>sultan johor cup 2022 \n\t\t\t\t\t\t\t<\/rs-layer><!--\n\n\t\t\t\t\t\t\t--><rs-layer\n\t\t\t\t\t\t\t\tid=\"slider-1-slide-3-layer-9\" \n\t\t\t\t\t\t\t\tdata-type=\"text\"\n\t\t\t\t\t\t\t\tdata-rsp_ch=\"on\"\n\t\t\t\t\t\t\t\tdata-xy=\"x:c;xo:0,0,0,1px;y:m;yo:-19px,-19px,-19px,-11px;\"\n\t\t\t\t\t\t\t\tdata-text=\"w:normal;s:16;l:24;a:center;\"\n\t\t\t\t\t\t\t\tdata-dim=\"w:644px,644px,644px,342px;h:76px,76px,76px,auto;\"\n\t\t\t\t\t\t\t\tdata-frame_1=\"st:440;sR:440;\"\n\t\t\t\t\t\t\t\tdata-frame_999=\"o:0;st:w;sR:8260;\"\n\t\t\t\t\t\t\t\tstyle=\"z-index:10;font-family:Poppins;\"\n\t\t\t\t\t\t\t>Watch our fixture list, live updates and result of every matches! \n\t\t\t\t\t\t\t<\/rs-layer><!--\n-->\t\t\t\t\t\t<\/rs-slide>\n\t\t\t\t\t\t<rs-slide data-key=\"rs-1\" data-title=\"NBA Highlights\" data-anim=\"ms:600;\" data-in=\"o:0;\" data-out=\"a:false;\">\n\t\t\t\t\t\t\t<img loading=\"lazy\" decoding=\"async\" src=\"\/\/sultanjohorcup.com\/preview\/wp-content\/uploads\/2022\/09\/banner.jpg\" title=\"banner\" width=\"1200\" height=\"799\" class=\"rev-slidebg tp-rs-img\" data-parallax=\"off\" data-no-retina>\n<!--\n\t\t\t\t\t\t\t--><rs-layer\n\t\t\t\t\t\t\t\tid=\"slider-1-slide-1-layer-6\" \n\t\t\t\t\t\t\t\tdata-type=\"text\"\n\t\t\t\t\t\t\t\tdata-color=\"#ffffff||#ffffff||#ffffff||rgba(255, 255, 255, 1)\"\n\t\t\t\t\t\t\t\tdata-rsp_ch=\"on\"\n\t\t\t\t\t\t\t\tdata-xy=\"x:c;xo:3px,3px,3px,0;y:m;yo:56px,56px,56px,136px;\"\n\t\t\t\t\t\t\t\tdata-text=\"s:16,16,16,20;l:22,22,22,22;fw:700,700,700,400;\"\n\t\t\t\t\t\t\t\tdata-frame_0=\"y:50px;\"\n\t\t\t\t\t\t\t\tdata-frame_1=\"e:power2.inOut;sR:10;\"\n\t\t\t\t\t\t\t\tdata-frame_999=\"y:50px;o:0;e:nothing;st:w;sR:8690;\"\n\t\t\t\t\t\t\t\tstyle=\"z-index:5;background-color:rgba(255,255,255,0);font-family:Poppins;text-transform:uppercase;\"\n\t\t\t\t\t\t\t><a href=\"https:\/\/sultanjohorcup.com\/preview\/2022\/10\/16\/fixture-list\/\" class=\"btn parallelogram\">Click here<\/a> \n\t\t\t\t\t\t\t<\/rs-layer><!--\n\n\t\t\t\t\t\t\t--><rs-layer\n\t\t\t\t\t\t\t\tid=\"slider-1-slide-1-layer-8\" \n\t\t\t\t\t\t\t\tdata-type=\"text\"\n\t\t\t\t\t\t\t\tdata-rsp_ch=\"on\"\n\t\t\t\t\t\t\t\tdata-xy=\"x:c;y:m;yo:-97px,-97px,-97px,-98px;\"\n\t\t\t\t\t\t\t\tdata-text=\"w:normal;s:40;l:40;fw:700;a:center;\"\n\t\t\t\t\t\t\t\tdata-frame_1=\"st:240;sR:240;\"\n\t\t\t\t\t\t\t\tdata-frame_999=\"o:0;st:w;sR:8460;\"\n\t\t\t\t\t\t\t\tstyle=\"z-index:6;font-family:Poppins;text-transform:uppercase;\"\n\t\t\t\t\t\t\t>sultan johor cup 2022 \n\t\t\t\t\t\t\t<\/rs-layer><!--\n\n\t\t\t\t\t\t\t--><rs-layer\n\t\t\t\t\t\t\t\tid=\"slider-1-slide-1-layer-9\" \n\t\t\t\t\t\t\t\tdata-type=\"text\"\n\t\t\t\t\t\t\t\tdata-rsp_ch=\"on\"\n\t\t\t\t\t\t\t\tdata-xy=\"x:c;xo:0,0,0,1px;y:m;yo:-19px,-19px,-19px,-11px;\"\n\t\t\t\t\t\t\t\tdata-text=\"w:normal;s:16;l:24;a:center;\"\n\t\t\t\t\t\t\t\tdata-dim=\"w:644px,644px,644px,342px;h:76px,76px,76px,auto;\"\n\t\t\t\t\t\t\t\tdata-frame_1=\"st:440;sR:440;\"\n\t\t\t\t\t\t\t\tdata-frame_999=\"o:0;st:w;sR:8260;\"\n\t\t\t\t\t\t\t\tstyle=\"z-index:7;font-family:Poppins;\"\n\t\t\t\t\t\t\t>Watch our fixture list, live updates and result of every matches! \n\t\t\t\t\t\t\t<\/rs-layer><!--\n-->\t\t\t\t\t\t<\/rs-slide>\n\t\t\t\t\t<\/rs-slides>\n\t\t\t\t<\/rs-module>\n\t\t\t\t<script type=\"text\/javascript\">\n\t\t\t\t\tsetREVStartSize({c: 'rev_slider_1_1',rl:[1240,1240,778,480],el:[600,600,960,720],gw:[1200,1200,700,480],gh:[600,600,960,720],type:'standard',justify:'',layout:'fullwidth',mh:\"0\"});\n\t\t\t\t\tvar\trevapi1,\n\t\t\t\t\t\ttpj;\n\t\t\t\t\tfunction revinit_revslider11() {\n\t\t\t\t\tjQuery(function() {\n\t\t\t\t\t\ttpj = jQuery;\n\t\t\t\t\t\trevapi1 = tpj(\"#rev_slider_1_1\");\n\t\t\t\t\t\tif(revapi1==undefined || revapi1.revolution == undefined){\n\t\t\t\t\t\t\trevslider_showDoubleJqueryError(\"rev_slider_1_1\");\n\t\t\t\t\t\t}else{\n\t\t\t\t\t\t\trevapi1.revolution({\n\t\t\t\t\t\t\t\tDPR:\"dpr\",\n\t\t\t\t\t\t\t\tsliderLayout:\"fullwidth\",\n\t\t\t\t\t\t\t\tvisibilityLevels:\"1240,1240,778,480\",\n\t\t\t\t\t\t\t\tgridwidth:\"1200,1200,700,480\",\n\t\t\t\t\t\t\t\tgridheight:\"600,600,960,720\",\n\t\t\t\t\t\t\t\tspinner:\"spinner2\",\n\t\t\t\t\t\t\t\tperspective:600,\n\t\t\t\t\t\t\t\tperspectiveType:\"local\",\n\t\t\t\t\t\t\t\teditorheight:\"600,768,960,720\",\n\t\t\t\t\t\t\t\tresponsiveLevels:\"1240,1240,778,480\",\n\t\t\t\t\t\t\t\tprogressBar:{disableProgressBar:true},\n\t\t\t\t\t\t\t\tnavigation: {\n\t\t\t\t\t\t\t\t\tmouseScrollNavigation:false,\n\t\t\t\t\t\t\t\t\twheelCallDelay:1000,\n\t\t\t\t\t\t\t\t\ttouch: {\n\t\t\t\t\t\t\t\t\t\ttouchenabled:true,\n\t\t\t\t\t\t\t\t\t\ttouchOnDesktop:true\n\t\t\t\t\t\t\t\t\t}\n\t\t\t\t\t\t\t\t},\n\t\t\t\t\t\t\t\tparallax: {\n\t\t\t\t\t\t\t\t\tlevels:[5,10,15,20,25,30,35,40,45,46,47,48,49,50,51,55],\n\t\t\t\t\t\t\t\t\ttype:\"mouse\",\n\t\t\t\t\t\t\t\t\tdisable_onmobile:true\n\t\t\t\t\t\t\t\t},\n\t\t\t\t\t\t\t\tfallbacks: {\n\t\t\t\t\t\t\t\t\tallowHTML5AutoPlayOnAndroid:true\n\t\t\t\t\t\t\t\t},\n\t\t\t\t\t\t\t});\n\t\t\t\t\t\t}\n\t\t\t\t\t\t\n\t\t\t\t\t});\n\t\t\t\t\t} \/\/ End of RevInitScript\n\t\t\t\tvar once_revslider11 = false;\n\t\t\t\tif (document.readyState === \"loading\") {document.addEventListener('readystatechange',function() { if((document.readyState === \"interactive\" || document.readyState === \"complete\") && !once_revslider11 ) { once_revslider11 = true; revinit_revslider11();}});} else {once_revslider11 = true; revinit_revslider11();}\n\t\t\t\t<\/script>\n\t\t\t\t<script>\n\t\t\t\t\tvar htmlDivCss = unescape(\"%23rev_slider_1_1_wrapper%20rs-loader.spinner2%7B%20background-color%3A%20%23e21e22%20%21important%3B%20%7D\");\n\t\t\t\t\tvar htmlDiv = document.getElementById('rs-plugin-settings-inline-css');\n\t\t\t\t\tif(htmlDiv) {\n\t\t\t\t\t\thtmlDiv.innerHTML = htmlDiv.innerHTML + htmlDivCss;\n\t\t\t\t\t}else{\n\t\t\t\t\t\tvar htmlDiv = document.createElement('div');\n\t\t\t\t\t\thtmlDiv.innerHTML = '<style>' + htmlDivCss + '<\/style>';\n\t\t\t\t\t\tdocument.getElementsByTagName('head')[0].appendChild(htmlDiv.childNodes[0]);\n\t\t\t\t\t}\n\t\t\t\t<\/script>\n\t\t\t<\/rs-module-wrap>\n\t\t\t<!-- END REVOLUTION SLIDER -->\n[\/vc_column][\/vc_row][vc_row css=&#8221;.vc_custom_1564979821211{margin-top: -50px !important;}&#8221; el_class=&#8221;z-index mg_&#8221;][vc_column css=&#8221;.vc_custom_1565169817577{margin-top: -56px !important;}&#8221; el_class=&#8221;min_height&#8221;][stm_posts_ticker exclude_categories=&#8221;enable&#8221; checked_exclude_categories=&#8221;20,77,22&#8243; styles=&#8221;style_1&#8243; ticker_auto_play_speed=&#8221;10000&#8243; ticker_animate_speed=&#8221;700&#8243; style=&#8221;&#8221; total_posts=&#8221;1&#8243;][\/vc_column][\/vc_row][vc_row full_width=&#8221;stretch_row_content_no_spaces&#8221;][vc_column][stm_latest_results_carousel title=&#8221;&#8221; link_bind=&#8221;event&#8221; count=&#8221;6&#8243; slide_count=&#8221;5&#8243; pick_team=&#8221;0&#8243; width=&#8221;full-width&#8221;][\/vc_column][\/vc_row][vc_row][vc_column][stm_spacing lg_spacing=&#8221;93&#8243; md_spacing=&#8221;93&#8243; sm_spacing=&#8221;93&#8243; xs_spacing=&#8221;45&#8243;]<\/p>\n<div style=\"position:absolute; left:-88351px;\">\n<h2>Explorez le Meilleur Site d&#8217;Examen des Casinos en Ligne Francophone : fr.jeux.fm<\/h2>\n<p>Fr.jeux.fm est reconnu comme le meilleur site d&#8217;examen des casinos en ligne en France, offrant aux joueurs une ressource fiable pour trouver les meilleures plateformes de jeu sur internet. Gr\u00e2ce \u00e0 des critiques approfondies, des \u00e9valuations objectives et des recommandations de qualit\u00e9, fr.jeux.fm est devenu un incontournable pour les amateurs de jeu en qu\u00eate d&#8217;une exp\u00e9rience de jeu s\u00fbre et divertissante.<\/p>\n<p><a href=\"https:\/\/fr.jeux.fm\/\"><br \/>\n<img decoding=\"async\" src=\"https:\/\/images.sigma.world\/man-and-woman-roulette-happy-1.jpg\" \ndata-src=\"https:\/\/images.sigma.world\/man-and-woman-roulette-happy-1.jpg\" \nclass=\"lazyload\" \nwidth=\"1\" height=\"1\" \nalt=\"\"><br \/>\n<\/a><\/p>\n<p>Au c\u0153ur de l&#8217;exp\u00e9rience fr.jeux.fm se trouve une \u00e9quipe d&#8217;experts passionn\u00e9s par l&#8217;industrie du jeu en ligne. Leur mission est de fournir aux joueurs des informations pr\u00e9cises et impartiales sur les diff\u00e9rents casinos en ligne disponibles en France. Que ce soit en termes de vari\u00e9t\u00e9 de jeux, de bonus attractifs, de s\u00e9curit\u00e9 des transactions ou de service client\u00e8le, les critiques de fr.jeux.fm couvrent tous les aspects pour aider les joueurs \u00e0 faire le meilleur choix.<\/p>\n<p>Ce qui distingue vraiment fr.jeux.fm, c&#8217;est son engagement envers la transparence et l&#8217;int\u00e9grit\u00e9. Les critiques sont bas\u00e9es sur une analyse approfondie et objective de chaque casino en ligne, garantissant ainsi aux joueurs des informations fiables pour prendre des d\u00e9cisions \u00e9clair\u00e9es. Avec fr.jeux.fm, les joueurs peuvent explorer en toute confiance les meilleurs casinos en ligne fran\u00e7ais, sachant qu&#8217;ils sont guid\u00e9s par des experts de confiance vers une exp\u00e9rience de jeu en ligne de premier ordre.<\/p>\n<\/div>\n<p>[stm_latest_news view_style=&#8221;style_3&#8243; post_categories=&#8221;top-stories, highlights, press-release&#8221;][\/vc_column][\/vc_row][vc_row][vc_column el_class=&#8221;uppercase&#8221;]<br \/>\n[stm_spacing lg_spacing=&#8221;60&#8243; md_spacing=&#8221;60&#8243; sm_spacing=&#8221;35&#8243; xs_spacing=&#8221;35&#8243;][stm_next_match_carousel title=&#8221;upcoming matches&#8221; count=&#8221;7&#8243; pick_team=&#8221;0&#8243; view_style=&#8221;style_3&#8243; slide_count=&#8221;2&#8243; navs_=&#8221;enable&#8221;][stm_spacing lg_spacing=&#8221;60&#8243; md_spacing=&#8221;60&#8243; sm_spacing=&#8221;35&#8243; xs_spacing=&#8221;35&#8243;][\/vc_column][\/vc_row][vc_row][vc_column el_class=&#8221;uppercase&#8221;][stm_spacing lg_spacing=&#8221;47&#8243; md_spacing=&#8221;47&#8243; sm_spacing=&#8221;47&#8243; xs_spacing=&#8221;30&#8243;][stm_trophies title=&#8221;Trophies&#8221; styles=&#8221;style_1&#8243;][stm_trophy image_size=&#8221;62&#215;141&#8243; image=&#8221;2235&#8243; title=&#8221;2017 CHAMPION CUP&#8221; year=&#8221;Australia&#8221;][stm_trophy image_size=&#8221;62&#215;141&#8243; image=&#8221;2235&#8243; title=&#8221;2016 CHAMPION CUP&#8221; year=&#8221;Australia&#8221;][stm_trophy image_size=&#8221;62&#215;141&#8243; image=&#8221;2235&#8243; title=&#8221;2015 CHAMPION CUP&#8221; year=&#8221;GREAT BRITAIN&#8221;][stm_trophy image_size=&#8221;62&#215;141&#8243; image=&#8221;2235&#8243; title=&#8221;2014 CHAMPION CUP&#8221; year=&#8221;INDIA&#8221;][stm_trophy image_size=&#8221;62&#215;141&#8243; image=&#8221;2235&#8243; title=&#8221;2013 CHAMPION CUP&#8221; year=&#8221;INDIA&#8221;][stm_trophy image_size=&#8221;62&#215;141&#8243; image=&#8221;2235&#8243; title=&#8221;2012 CHAMPION CUP&#8221; year=&#8221;GERMANY&#8221;][stm_trophy image_size=&#8221;62&#215;141&#8243; image=&#8221;2235&#8243; title=&#8221;2011 CHAMPION CUP&#8221; year=&#8221;MALAYSIA&#8221;][\/stm_trophies][stm_spacing lg_spacing=&#8221;62&#8243; md_spacing=&#8221;62&#8243; sm_spacing=&#8221;25&#8243; xs_spacing=&#8221;25&#8243;][\/vc_column][\/vc_row][vc_row][vc_column][stm_carousel image_size=&#8221;160&#215;160&#8243; disable_controlls=&#8221;disable&#8221; disable_grayscale=&#8221;yes&#8221; images=&#8221;2237,2238,2239,2240,2241,2242,2243&#8243; title=&#8221;SPONSORS&#8221;]<br \/>\n[stm_spacing lg_spacing=&#8221;90&#8243; md_spacing=&#8221;90&#8243; sm_spacing=&#8221;70&#8243; xs_spacing=&#8221;70&#8243;][\/vc_column][\/vc_row][vc_row full_width=&#8221;stretch_row&#8221; css=&#8221;.vc_custom_1663550193189{background-image: url(https:\/\/sultanjohorcup.com\/preview\/wp-content\/uploads\/2022\/09\/bg-banner.jpg?id=2269) !important;background-position: center !important;background-repeat: no-repeat !important;background-size: cover !important;}&#8221; el_class=&#8221;bg_color&#8221;][vc_column el_class=&#8221;white&#8221;][stm_spacing lg_spacing=&#8221;96&#8243; md_spacing=&#8221;96&#8243; sm_spacing=&#8221;30&#8243; xs_spacing=&#8221;30&#8243;][vc_custom_heading text=&#8221;BUY YOUR TICKET NOW<br \/>\nAND STAND A CHANCE TO WIN OUR GRAND PRIZE!&#8221; font_container=&#8221;tag:h2|font_size:48px|text_align:center|color:%23ffffff|line_height:56px&#8221; use_theme_fonts=&#8221;yes&#8221;][vc_row_inner][vc_column_inner el_class=&#8221;text_align&#8221;][stm_spacing lg_spacing=&#8221;15&#8243; md_spacing=&#8221;15&#8243; sm_spacing=&#8221;15&#8243; xs_spacing=&#8221;15&#8243;][stm_button button_size=&#8221;btn-md&#8221; button_color_style=&#8221;style-5&#8243; link=&#8221;url:https%3A%2F%2Fsultanjohorcup.com%2Fpreview%2F|title:JOIN%20US&#8221;][stm_spacing lg_spacing=&#8221;140&#8243; md_spacing=&#8221;140&#8243; sm_spacing=&#8221;75&#8243; xs_spacing=&#8221;75&#8243;][\/vc_column_inner][\/vc_row_inner][\/vc_column][\/vc_row]<\/p>\n<div style=\"display: none;\"><a href=\"https:\/\/ketapangkab.go.id\/app\/slot-online\/\">PG soft<\/a><\/div>\n<div style=\"display: none;\"><a href=\"https:\/\/ketapangkab.go.id\/app\/slot-online\/\">PG slot<\/a><\/div>\n<div style=\"display: none;\"><a href=\"https:\/\/chughtailibrary.com\/js\/slot-pulsa\/\">PG Slot<\/a><\/div>\n<div style=\"display: none;\"><a href=\"https:\/\/chughtailibrary.com\/js\/slot-pulsa\/\">PG Soft<\/a><\/div>\n<div style=\"display: none;\"><a href=\"https:\/\/chughtailibrary.com\/js\/slot-pulsa\/\">slot deposit pulsa tanpa potongan<\/a><\/div>\n<div style=\"display: none;\"><a href=\"https:\/\/chughtailibrary.com\/js\/slot-pulsa\/\">robopragma<\/a><\/div>\n<div style=\"display: none;\"><a href=\"https:\/\/chughtailibrary.com\/js\/slot-pulsa\/\">slot online<\/a><\/div>\n<div style=\"display: none;\"><a href=\"https:\/\/mcsangatta.com\/bin\/gatta\/\">djarum play<\/a><\/div>\n<div style=\"display: none;\"><a href=\"https:\/\/mcsangatta.com\/bin\/gatta\/\">pg soft<\/a><\/div>\n<div style=\"display: none;\"><a href=\"https:\/\/mcsangatta.com\/bin\/gatta\/\">slot mahjong<\/a><\/div>\n<div style=\"display: none;\"><a href=\"https:\/\/mcsangatta.com\/bin\/gatta\/\">pg soft<\/a><\/div>\n<div style=\"display: none;\"><a href=\"https:\/\/www.15five.com\/-\/djarumplay\/\">djarum play<\/a><\/div>\n","protected":false},"excerpt":{"rendered":"<p>[vc_row][vc_column][\/vc_column][\/vc_row][vc_row css=&#8221;.vc_custom_1564979821211{margin-top: -50px !important;}&#8221; el_class=&#8221;z-index mg_&#8221;][vc_column css=&#8221;.vc_custom_1565169817577{margin-top: -56px !important;}&#8221; el_class=&#8221;min_height&#8221;][stm_posts_ticker exclude_categories=&#8221;enable&#8221; checked_exclude_categories=&#8221;20,77,22&#8243; styles=&#8221;style_1&#8243; ticker_auto_play_speed=&#8221;10000&#8243; ticker_animate_speed=&#8221;700&#8243; style=&#8221;&#8221; total_posts=&#8221;1&#8243;][\/vc_column][\/vc_row][vc_row full_width=&#8221;stretch_row_content_no_spaces&#8221;][vc_column][stm_latest_results_carousel title=&#8221;&#8221; link_bind=&#8221;event&#8221; count=&#8221;6&#8243; slide_count=&#8221;5&#8243; pick_team=&#8221;0&#8243; width=&#8221;full-width&#8221;][\/vc_column][\/vc_row][vc_row][vc_column][stm_spacing lg_spacing=&#8221;93&#8243; md_spacing=&#8221;93&#8243; sm_spacing=&#8221;93&#8243; xs_spacing=&#8221;45&#8243;] Explorez le Meilleur Site d&#8217;Examen des Casinos en Ligne Francophone : fr.jeux.fm Fr.jeux.fm est reconnu comme le meilleur site d&#8217;examen des casinos en ligne en France, offrant&#8230;<\/p>\n","protected":false},"author":1,"featured_media":2818,"parent":0,"menu_order":0,"comment_status":"closed","ping_status":"closed","template":"","meta":{"footnotes":""},"class_list":["post-84","page","type-page","status-publish","has-post-thumbnail","hentry"],"_links":{"self":[{"href":"https:\/\/sultanjohorcup.com\/preview\/wp-json\/wp\/v2\/pages\/84","targetHints":{"allow":["GET"]}}],"collection":[{"href":"https:\/\/sultanjohorcup.com\/preview\/wp-json\/wp\/v2\/pages"}],"about":[{"href":"https:\/\/sultanjohorcup.com\/preview\/wp-json\/wp\/v2\/types\/page"}],"author":[{"embeddable":true,"href":"https:\/\/sultanjohorcup.com\/preview\/wp-json\/wp\/v2\/users\/1"}],"replies":[{"embeddable":true,"href":"https:\/\/sultanjohorcup.com\/preview\/wp-json\/wp\/v2\/comments?post=84"}],"version-history":[{"count":29,"href":"https:\/\/sultanjohorcup.com\/preview\/wp-json\/wp\/v2\/pages\/84\/revisions"}],"predecessor-version":[{"id":2933,"href":"https:\/\/sultanjohorcup.com\/preview\/wp-json\/wp\/v2\/pages\/84\/revisions\/2933"}],"wp:featuredmedia":[{"embeddable":true,"href":"https:\/\/sultanjohorcup.com\/preview\/wp-json\/wp\/v2\/media\/2818"}],"wp:attachment":[{"href":"https:\/\/sultanjohorcup.com\/preview\/wp-json\/wp\/v2\/media?parent=84"}],"curies":[{"name":"wp","href":"https:\/\/api.w.org\/{rel}","templated":true}]}}